{"id":4613,"date":"2024-10-08T18:40:41","date_gmt":"2024-10-08T18:40:41","guid":{"rendered":"https:\/\/www.italy-shop.hu\/?product=dallmayr-classic-orolt-kave-500-g"},"modified":"2024-10-14T10:51:53","modified_gmt":"2024-10-14T10:51:53","slug":"dallmayr-classic-orolt-kave-500-g","status":"publish","type":"product","link":"https:\/\/www.italy-shop.hu\/?product=dallmayr-classic-orolt-kave-500-g","title":{"rendered":"Dallmayr Classic \u0151r\u00f6lt k\u00e1v\u00e9 500 g"},"content":{"rendered":"","protected":false},"excerpt":{"rendered":"<p class=\"card-text\"> [&#8230;]<\/p>\n<p class=\"m-0\"><a class=\"btn btn-outline-secondary btn-read-more\" href=\"https:\/\/www.italy-shop.hu\/?product=dallmayr-classic-orolt-kave-500-g\">Read More<\/a><\/p>\n","protected":false},"featured_media":6775,"template":"","meta":[],"product_brand":[],"product_cat":[15,45],"product_tag":[],"class_list":{"0":"post-4613","1":"product","2":"type-product","3":"status-publish","4":"has-post-thumbnail","6":"product_cat-egyeb","7":"product_cat-kavek","9":"first","10":"instock","11":"taxable","12":"shipping-taxable","13":"purchasable","14":"product-type-simple"},"_links":{"self":[{"href":"https:\/\/www.italy-shop.hu\/index.php?rest_route=\/wp\/v2\/product\/4613","targetHints":{"allow":["GET"]}}],"collection":[{"href":"https:\/\/www.italy-shop.hu\/index.php?rest_route=\/wp\/v2\/product"}],"about":[{"href":"https:\/\/www.italy-shop.hu\/index.php?rest_route=\/wp\/v2\/types\/product"}],"wp:featuredmedia":[{"embeddable":true,"href":"https:\/\/www.italy-shop.hu\/index.php?rest_route=\/wp\/v2\/media\/6775"}],"wp:attachment":[{"href":"https:\/\/www.italy-shop.hu\/index.php?rest_route=%2Fwp%2Fv2%2Fmedia&parent=4613"}],"wp:term":[{"taxonomy":"product_brand","embeddable":true,"href":"https:\/\/www.italy-shop.hu\/index.php?rest_route=%2Fwp%2Fv2%2Fproduct_brand&post=4613"},{"taxonomy":"product_cat","embeddable":true,"href":"https:\/\/www.italy-shop.hu\/index.php?rest_route=%2Fwp%2Fv2%2Fproduct_cat&post=4613"},{"taxonomy":"product_tag","embeddable":true,"href":"https:\/\/www.italy-shop.hu\/index.php?rest_route=%2Fwp%2Fv2%2Fproduct_tag&post=4613"}],"curies":[{"name":"wp","href":"https:\/\/api.w.org\/{rel}","templated":true}]}}