{"id":5095,"date":"2024-10-08T18:43:19","date_gmt":"2024-10-08T18:43:19","guid":{"rendered":"https:\/\/www.italy-shop.hu\/?product=jar-hab-utantolto-375ml"},"modified":"2024-10-28T10:01:58","modified_gmt":"2024-10-28T10:01:58","slug":"jar-hab-utantolto-375ml","status":"publish","type":"product","link":"https:\/\/www.italy-shop.hu\/?product=jar-hab-utantolto-375ml","title":{"rendered":"Jar hab ut\u00e1nt\u00f6lt\u0151 375ml"},"content":{"rendered":"","protected":false},"excerpt":{"rendered":"<p class=\"card-text\"> [&#8230;]<\/p>\n<p class=\"m-0\"><a class=\"btn btn-outline-secondary btn-read-more\" href=\"https:\/\/www.italy-shop.hu\/?product=jar-hab-utantolto-375ml\">Read More<\/a><\/p>\n","protected":false},"featured_media":7704,"template":"","meta":[],"product_brand":[],"product_cat":[15,16,76],"product_tag":[],"class_list":{"0":"post-5095","1":"product","2":"type-product","3":"status-publish","4":"has-post-thumbnail","6":"product_cat-egyeb","7":"product_cat-haztartas","8":"product_cat-mosogatoszer","10":"first","11":"instock","12":"taxable","13":"shipping-taxable","14":"purchasable","15":"product-type-simple"},"_links":{"self":[{"href":"https:\/\/www.italy-shop.hu\/index.php?rest_route=\/wp\/v2\/product\/5095","targetHints":{"allow":["GET"]}}],"collection":[{"href":"https:\/\/www.italy-shop.hu\/index.php?rest_route=\/wp\/v2\/product"}],"about":[{"href":"https:\/\/www.italy-shop.hu\/index.php?rest_route=\/wp\/v2\/types\/product"}],"wp:featuredmedia":[{"embeddable":true,"href":"https:\/\/www.italy-shop.hu\/index.php?rest_route=\/wp\/v2\/media\/7704"}],"wp:attachment":[{"href":"https:\/\/www.italy-shop.hu\/index.php?rest_route=%2Fwp%2Fv2%2Fmedia&parent=5095"}],"wp:term":[{"taxonomy":"product_brand","embeddable":true,"href":"https:\/\/www.italy-shop.hu\/index.php?rest_route=%2Fwp%2Fv2%2Fproduct_brand&post=5095"},{"taxonomy":"product_cat","embeddable":true,"href":"https:\/\/www.italy-shop.hu\/index.php?rest_route=%2Fwp%2Fv2%2Fproduct_cat&post=5095"},{"taxonomy":"product_tag","embeddable":true,"href":"https:\/\/www.italy-shop.hu\/index.php?rest_route=%2Fwp%2Fv2%2Fproduct_tag&post=5095"}],"curies":[{"name":"wp","href":"https:\/\/api.w.org\/{rel}","templated":true}]}}