{"id":5199,"date":"2024-10-08T18:43:53","date_gmt":"2024-10-08T18:43:53","guid":{"rendered":"https:\/\/www.italy-shop.hu\/?product=lavazza-qualita-oro-szemes-kave-1kg"},"modified":"2024-10-14T10:54:36","modified_gmt":"2024-10-14T10:54:36","slug":"lavazza-qualita-oro-szemes-kave-1kg","status":"publish","type":"product","link":"https:\/\/www.italy-shop.hu\/?product=lavazza-qualita-oro-szemes-kave-1kg","title":{"rendered":"Lavazza Qualit\u00e1 Oro szemes k\u00e1v\u00e9 (1kg"},"content":{"rendered":"","protected":false},"excerpt":{"rendered":"<p class=\"card-text\"> [&#8230;]<\/p>\n<p class=\"m-0\"><a class=\"btn btn-outline-secondary btn-read-more\" href=\"https:\/\/www.italy-shop.hu\/?product=lavazza-qualita-oro-szemes-kave-1kg\">Read More<\/a><\/p>\n","protected":false},"featured_media":6777,"template":"","meta":[],"product_brand":[],"product_cat":[15,23,45],"product_tag":[],"class_list":{"0":"post-5199","1":"product","2":"type-product","3":"status-publish","4":"has-post-thumbnail","6":"product_cat-egyeb","7":"product_cat-desszertek","8":"product_cat-kavek","10":"first","11":"instock","12":"taxable","13":"shipping-taxable","14":"purchasable","15":"product-type-simple"},"_links":{"self":[{"href":"https:\/\/www.italy-shop.hu\/index.php?rest_route=\/wp\/v2\/product\/5199","targetHints":{"allow":["GET"]}}],"collection":[{"href":"https:\/\/www.italy-shop.hu\/index.php?rest_route=\/wp\/v2\/product"}],"about":[{"href":"https:\/\/www.italy-shop.hu\/index.php?rest_route=\/wp\/v2\/types\/product"}],"wp:featuredmedia":[{"embeddable":true,"href":"https:\/\/www.italy-shop.hu\/index.php?rest_route=\/wp\/v2\/media\/6777"}],"wp:attachment":[{"href":"https:\/\/www.italy-shop.hu\/index.php?rest_route=%2Fwp%2Fv2%2Fmedia&parent=5199"}],"wp:term":[{"taxonomy":"product_brand","embeddable":true,"href":"https:\/\/www.italy-shop.hu\/index.php?rest_route=%2Fwp%2Fv2%2Fproduct_brand&post=5199"},{"taxonomy":"product_cat","embeddable":true,"href":"https:\/\/www.italy-shop.hu\/index.php?rest_route=%2Fwp%2Fv2%2Fproduct_cat&post=5199"},{"taxonomy":"product_tag","embeddable":true,"href":"https:\/\/www.italy-shop.hu\/index.php?rest_route=%2Fwp%2Fv2%2Fproduct_tag&post=5199"}],"curies":[{"name":"wp","href":"https:\/\/api.w.org\/{rel}","templated":true}]}}