{"id":6115,"date":"2024-10-08T18:49:04","date_gmt":"2024-10-08T18:49:04","guid":{"rendered":"https:\/\/www.italy-shop.hu\/?product=vegeta-etelizesito-250-g"},"modified":"2024-10-15T10:01:03","modified_gmt":"2024-10-15T10:01:03","slug":"vegeta-etelizesito-250-g","status":"publish","type":"product","link":"https:\/\/www.italy-shop.hu\/?product=vegeta-etelizesito-250-g","title":{"rendered":"Vegeta \u00e9tel\u00edzes\u00edt\u0151 250 g"},"content":{"rendered":"","protected":false},"excerpt":{"rendered":"<p class=\"card-text\"> [&#8230;]<\/p>\n<p class=\"m-0\"><a class=\"btn btn-outline-secondary btn-read-more\" href=\"https:\/\/www.italy-shop.hu\/?product=vegeta-etelizesito-250-g\">Read More<\/a><\/p>\n","protected":false},"featured_media":6889,"template":"","meta":[],"product_brand":[],"product_cat":[38,16],"product_tag":[],"class_list":{"0":"post-6115","1":"product","2":"type-product","3":"status-publish","4":"has-post-thumbnail","6":"product_cat-fuszerek","7":"product_cat-haztartas","9":"first","10":"instock","11":"taxable","12":"shipping-taxable","13":"purchasable","14":"product-type-simple"},"_links":{"self":[{"href":"https:\/\/www.italy-shop.hu\/index.php?rest_route=\/wp\/v2\/product\/6115","targetHints":{"allow":["GET"]}}],"collection":[{"href":"https:\/\/www.italy-shop.hu\/index.php?rest_route=\/wp\/v2\/product"}],"about":[{"href":"https:\/\/www.italy-shop.hu\/index.php?rest_route=\/wp\/v2\/types\/product"}],"wp:featuredmedia":[{"embeddable":true,"href":"https:\/\/www.italy-shop.hu\/index.php?rest_route=\/wp\/v2\/media\/6889"}],"wp:attachment":[{"href":"https:\/\/www.italy-shop.hu\/index.php?rest_route=%2Fwp%2Fv2%2Fmedia&parent=6115"}],"wp:term":[{"taxonomy":"product_brand","embeddable":true,"href":"https:\/\/www.italy-shop.hu\/index.php?rest_route=%2Fwp%2Fv2%2Fproduct_brand&post=6115"},{"taxonomy":"product_cat","embeddable":true,"href":"https:\/\/www.italy-shop.hu\/index.php?rest_route=%2Fwp%2Fv2%2Fproduct_cat&post=6115"},{"taxonomy":"product_tag","embeddable":true,"href":"https:\/\/www.italy-shop.hu\/index.php?rest_route=%2Fwp%2Fv2%2Fproduct_tag&post=6115"}],"curies":[{"name":"wp","href":"https:\/\/api.w.org\/{rel}","templated":true}]}}